{"id":73,"date":"2019-01-15T13:48:24","date_gmt":"2019-01-15T12:48:24","guid":{"rendered":"http:\/\/studiomaximov.co.rs\/testpit\/dinaland\/?page_id=73"},"modified":"2019-04-16T10:58:57","modified_gmt":"2019-04-16T08:58:57","slug":"reduktori","status":"publish","type":"page","link":"https:\/\/dinaland.rs\/cms\/reduktori\/","title":{"rendered":"Industrijski reduktori"},"content":{"rendered":"<p>[et_pb_section bb_built=&#8221;1&#8243; fullwidth=&#8221;on&#8221; next_background_color=&#8221;#000000&#8243; _builder_version=&#8221;3.19.5&#8243;][et_pb_fullwidth_header title=&#8221;Industrijski reduktori&#8221; _builder_version=&#8221;3.19.17&#8243; background_color_gradient_direction=&#8221;334deg&#8221; background_image=&#8221;https:\/\/dinaland.rs\/cms\/wp-content\/uploads\/2019\/02\/podloga2.jpg&#8221; parallax=&#8221;on&#8221; parallax_method=&#8221;on&#8221; background_layout=&#8221;light&#8221;]<\/p>\n<blockquote>\n<p>Proizvodnja industrijskih reduktora i rezervnih delova<\/p>\n<\/blockquote>\n<p>[\/et_pb_fullwidth_header][\/et_pb_section][et_pb_section bb_built=&#8221;1&#8243; prev_background_color=&#8221;#000000&#8243; next_background_color=&#8221;#000000&#8243; _builder_version=&#8221;3.19.17&#8243; custom_padding=&#8221;0px|0px|0px|0px&#8221;][et_pb_row make_fullwidth=&#8221;on&#8221; use_custom_gutter=&#8221;on&#8221; gutter_width=&#8221;1&#8243; custom_padding=&#8221;0px|0px|0px|0px&#8221; bg_img_1=&#8221;https:\/\/dinaland.rs\/cms\/wp-content\/uploads\/2019\/01\/CAN_5279.jpg&#8221; bg_img_2=&#8221;https:\/\/dinaland.rs\/cms\/wp-content\/uploads\/2019\/01\/CAN_5409.jpg&#8221; bg_img_3=&#8221;https:\/\/dinaland.rs\/cms\/wp-content\/uploads\/2019\/01\/CAN_5316.jpg&#8221; _builder_version=&#8221;3.19.17&#8243;][et_pb_column type=&#8221;1_3&#8243;][et_pb_divider show_divider=&#8221;off&#8221; height=&#8221;200px&#8221; _builder_version=&#8221;3.19.17&#8243;]<\/p>\n<p>[\/et_pb_divider][\/et_pb_column][et_pb_column type=&#8221;1_3&#8243;][et_pb_divider show_divider=&#8221;off&#8221; height=&#8221;200px&#8221; _builder_version=&#8221;3.19.17&#8243;]<\/p>\n<p>[\/et_pb_divider][\/et_pb_column][et_pb_column type=&#8221;1_3&#8243;][et_pb_divider show_divider=&#8221;off&#8221; height=&#8221;200px&#8221; _builder_version=&#8221;3.19.17&#8243;]<\/p>\n<p>[\/et_pb_divider][\/et_pb_column][\/et_pb_row][\/et_pb_section][et_pb_section bb_built=&#8221;1&#8243; prev_background_color=&#8221;#000000&#8243; next_background_color=&#8221;#000000&#8243; _builder_version=&#8221;3.0.47&#8243; custom_padding=&#8221;30px|0px|54px|0px|false|false&#8221;][et_pb_row _builder_version=&#8221;3.0.48&#8243; background_size=&#8221;initial&#8221; background_position=&#8221;top_left&#8221; background_repeat=&#8221;repeat&#8221;][et_pb_column type=&#8221;4_4&#8243;][et_pb_text _builder_version=&#8221;3.19.5&#8243;]<\/p>\n<p>Projektovanje, konstruisanje reduktora obavlja se najsavremenijim kompijuterskim programima, proizvodnja je bazirana na najnovijim saznanjima iz oblasti i tehnologije izrade zup\u010danika i penosnika snage.<\/p>\n<p>Izrada cilindri\u010dnih ozubljenja vr\u0161i se od visokolegiranih materijala za cementaciju, a bokovi zuba su kaljeni i bru\u0161eni, konusna ozubljenja izradjuju se po sistemu <em>Gleason<\/em> sa odgovaraju\u0107om geometrijom, cementirana su, kaljena i zavr\u0161no obradjena.<\/p>\n<p>Na bru\u0161enim rukavcima vratila ugradjuju se kotrljajni le\u017eajevi, vrsta ule\u017ei\u0161tenja vratila izabrana je tako da obezbedjuje ravnomernu raspodelu optere\u0107enja le\u017eaja \u0161to omogu\u0107uje izbor adekvatnih le\u017eajeva manjih mera, dug vek i pouzdanost le\u017eaja u radu. Ugradjuju se isklju\u010divo <em>SKF<\/em> le\u017eajevi.<\/p>\n<p>Ku\u0107i\u0161te reduktora izradjuje se livenjem ili zavarivanjem od konstruktivnog \u010delika, termi\u010dki je tretirano, na spoljnjoj povr\u0161ini ku\u0107i\u0161ta izvr\u0161ena je priprema za povr\u0161insku za\u0161titu, antikorozivna za\u0161tita i zavr\u0161no farbanje. Unutra\u0161njost ku\u0107i\u0161ta reduktora je premazana antikorozivnom bojom otpornom na ulje, a ostali elementi uljem za konzerviranje.<\/p>\n<p>Pre sklapanja reduktora svi elementi su pa\u017eljivo pregledani i kontrolisani i kao takvi ugradjeni u reduktor. Nakon sklapanja reduktor se pu\u0161ta u probni rad uz pra\u0107enje i dijagnostiku rada.<\/p>\n<p>Na reduktorima su ugradjeni prate\u0107i elementi,uredjaj za ispust ulja,kontrolnik nivoa ulja, odu\u0161ni ventil.<\/p>\n<p>Zbog pojave dinami\u010dkih preoptere\u0107enje u toku eksploatacije, koja mogu biti znatno ve\u0107a od nominalnih, projektna snaga reduktora je znatno ve\u0107a od nominalne snage \u010dime se obezbedjuje potrebna pouzdanost reduktora u radu.<\/p>\n<p>[\/et_pb_text][\/et_pb_column][\/et_pb_row][et_pb_row _builder_version=&#8221;3.19.17&#8243; background_size=&#8221;initial&#8221; background_position=&#8221;top_left&#8221; background_repeat=&#8221;repeat&#8221; make_equal=&#8221;on&#8221;][et_pb_column type=&#8221;1_3&#8243;][et_pb_blurb _builder_version=&#8221;3.19.17&#8243; title=&#8221;Katalog reduktora&#8221; use_icon=&#8221;on&#8221; font_icon=&#8221;%%72%%&#8221;]<\/p>\n<p>Projektovanje, konstruisanje reduktora obavlja se najsavremenijim kompijuterskim programima <em>SolidWorks<\/em>, zup\u010danici i vratila se izradjuju od visokolegianih kvalitetih \u010delika,termi\u010dki obadjenih sa zavr\u0161nom obradom bru\u0161enja. Ku\u0107i\u0161ta reduktora se izradjuju livenjem ili zavarena konstrukcija.\u00a0Takvim na\u010dinom proizvodnje obezbedjujemo visoki kvalitet na\u0161ih proizvoda.\u00a0<\/p>\n<p><a href=\"http:\/\/studiomaximov.co.rs\" target=\"_blank\" rel=\"noopener noreferrer\">Preuzmite KATALOG, pdf (1.5MB) &gt;&gt;<\/a><\/p>\n<p>[\/et_pb_blurb][et_pb_image _builder_version=&#8221;3.19.17&#8243; src=&#8221;https:\/\/dinaland.rs\/cms\/wp-content\/uploads\/2019\/02\/a-1.png&#8221; \/][\/et_pb_column][et_pb_column type=&#8221;2_3&#8243;][et_pb_accordion _builder_version=&#8221;3.19.17&#8243;][et_pb_accordion_item title=&#8221;Jednostepeni cilindri\u010dni reduktori&#8221; open=&#8221;on&#8221; _builder_version=&#8221;3.19.17&#8243; title_text_shadow_horizontal_length=&#8221;0em&#8221; title_text_shadow_vertical_length=&#8221;0em&#8221; title_text_shadow_blur_strength=&#8221;0em&#8221; body_text_shadow_horizontal_length=&#8221;0em&#8221; body_text_shadow_vertical_length=&#8221;0em&#8221; body_text_shadow_blur_strength=&#8221;0em&#8221; link_option_url_new_window=&#8221;off&#8221; use_background_color_gradient=&#8221;off&#8221; background_color_gradient_start=&#8221;#2b87da&#8221; background_color_gradient_end=&#8221;#29c4a9&#8243; background_color_gradient_type=&#8221;linear&#8221; background_color_gradient_direction=&#8221;180deg&#8221; background_color_gradient_direction_radial=&#8221;center&#8221; background_color_gradient_start_position=&#8221;0%&#8221; background_color_gradient_end_position=&#8221;100%&#8221; background_color_gradient_overlays_image=&#8221;off&#8221; parallax=&#8221;off&#8221; parallax_method=&#8221;on&#8221; background_size=&#8221;cover&#8221; background_position=&#8221;center&#8221; background_repeat=&#8221;no-repeat&#8221; background_blend=&#8221;normal&#8221; allow_player_pause=&#8221;off&#8221; background_video_pause_outside_viewport=&#8221;on&#8221; text_shadow_style=&#8221;none&#8221; box_shadow_style=&#8221;none&#8221; hover_transition_duration=&#8221;300ms&#8221; hover_transition_delay=&#8221;0ms&#8221; hover_transition_speed_curve=&#8221;ease&#8221;]<\/p>\n<p><img decoding=\"async\" loading=\"lazy\" class=\"alignnone size-full wp-image-1717\" src=\"https:\/\/dinaland.rs\/cms\/wp-content\/uploads\/2019\/04\/1.png\" alt=\"\" width=\"1000\" height=\"600\" srcset=\"https:\/\/dinaland.rs\/cms\/wp-content\/uploads\/2019\/04\/1.png 1000w, https:\/\/dinaland.rs\/cms\/wp-content\/uploads\/2019\/04\/1-300x180.png 300w, https:\/\/dinaland.rs\/cms\/wp-content\/uploads\/2019\/04\/1-768x461.png 768w\" sizes=\"(max-width: 1000px) 100vw, 1000px\" \/><\/p>\n<p>[\/et_pb_accordion_item][et_pb_accordion_item title=&#8221;Dvostepeni cilindri\u010dni reduktori&#8221; open=&#8221;off&#8221; _builder_version=&#8221;3.19.17&#8243; title_text_shadow_horizontal_length=&#8221;0em&#8221; title_text_shadow_vertical_length=&#8221;0em&#8221; title_text_shadow_blur_strength=&#8221;0em&#8221; body_text_shadow_horizontal_length=&#8221;0em&#8221; body_text_shadow_vertical_length=&#8221;0em&#8221; body_text_shadow_blur_strength=&#8221;0em&#8221; link_option_url_new_window=&#8221;off&#8221; use_background_color_gradient=&#8221;off&#8221; background_color_gradient_start=&#8221;#2b87da&#8221; background_color_gradient_end=&#8221;#29c4a9&#8243; background_color_gradient_type=&#8221;linear&#8221; background_color_gradient_direction=&#8221;180deg&#8221; background_color_gradient_direction_radial=&#8221;center&#8221; background_color_gradient_start_position=&#8221;0%&#8221; background_color_gradient_end_position=&#8221;100%&#8221; background_color_gradient_overlays_image=&#8221;off&#8221; parallax=&#8221;off&#8221; parallax_method=&#8221;on&#8221; background_size=&#8221;cover&#8221; background_position=&#8221;center&#8221; background_repeat=&#8221;no-repeat&#8221; background_blend=&#8221;normal&#8221; allow_player_pause=&#8221;off&#8221; background_video_pause_outside_viewport=&#8221;on&#8221; text_shadow_style=&#8221;none&#8221; box_shadow_style=&#8221;none&#8221; hover_transition_duration=&#8221;300ms&#8221; hover_transition_delay=&#8221;0ms&#8221; hover_transition_speed_curve=&#8221;ease&#8221;]<\/p>\n<p><img decoding=\"async\" loading=\"lazy\" class=\"alignnone size-full wp-image-1716\" src=\"https:\/\/dinaland.rs\/cms\/wp-content\/uploads\/2019\/04\/2.png\" alt=\"\" width=\"1000\" height=\"600\" srcset=\"https:\/\/dinaland.rs\/cms\/wp-content\/uploads\/2019\/04\/2.png 1000w, https:\/\/dinaland.rs\/cms\/wp-content\/uploads\/2019\/04\/2-300x180.png 300w, https:\/\/dinaland.rs\/cms\/wp-content\/uploads\/2019\/04\/2-768x461.png 768w\" sizes=\"(max-width: 1000px) 100vw, 1000px\" \/><\/p>\n<p>[\/et_pb_accordion_item][et_pb_accordion_item title=&#8221;Trostepeni cilindri\u010dni reduktori&#8221; open=&#8221;off&#8221; _builder_version=&#8221;3.19.17&#8243; title_text_shadow_horizontal_length=&#8221;0em&#8221; title_text_shadow_vertical_length=&#8221;0em&#8221; title_text_shadow_blur_strength=&#8221;0em&#8221; body_text_shadow_horizontal_length=&#8221;0em&#8221; body_text_shadow_vertical_length=&#8221;0em&#8221; body_text_shadow_blur_strength=&#8221;0em&#8221; link_option_url_new_window=&#8221;off&#8221; use_background_color_gradient=&#8221;off&#8221; background_color_gradient_start=&#8221;#2b87da&#8221; background_color_gradient_end=&#8221;#29c4a9&#8243; background_color_gradient_type=&#8221;linear&#8221; background_color_gradient_direction=&#8221;180deg&#8221; background_color_gradient_direction_radial=&#8221;center&#8221; background_color_gradient_start_position=&#8221;0%&#8221; background_color_gradient_end_position=&#8221;100%&#8221; background_color_gradient_overlays_image=&#8221;off&#8221; parallax=&#8221;off&#8221; parallax_method=&#8221;on&#8221; background_size=&#8221;cover&#8221; background_position=&#8221;center&#8221; background_repeat=&#8221;no-repeat&#8221; background_blend=&#8221;normal&#8221; allow_player_pause=&#8221;off&#8221; background_video_pause_outside_viewport=&#8221;on&#8221; text_shadow_style=&#8221;none&#8221; box_shadow_style=&#8221;none&#8221; hover_transition_duration=&#8221;300ms&#8221; hover_transition_delay=&#8221;0ms&#8221; hover_transition_speed_curve=&#8221;ease&#8221;]<\/p>\n<p><img decoding=\"async\" loading=\"lazy\" class=\"alignnone size-full wp-image-1715\" src=\"https:\/\/dinaland.rs\/cms\/wp-content\/uploads\/2019\/04\/3.png\" alt=\"\" width=\"1000\" height=\"600\" srcset=\"https:\/\/dinaland.rs\/cms\/wp-content\/uploads\/2019\/04\/3.png 1000w, https:\/\/dinaland.rs\/cms\/wp-content\/uploads\/2019\/04\/3-300x180.png 300w, https:\/\/dinaland.rs\/cms\/wp-content\/uploads\/2019\/04\/3-768x461.png 768w\" sizes=\"(max-width: 1000px) 100vw, 1000px\" \/><\/p>\n<p>[\/et_pb_accordion_item][et_pb_accordion_item title=&#8221;\u010cetvorostepeni cilindri\u010dni reduktori&#8221; open=&#8221;off&#8221; _builder_version=&#8221;3.19.17&#8243; title_text_shadow_horizontal_length=&#8221;0em&#8221; title_text_shadow_vertical_length=&#8221;0em&#8221; title_text_shadow_blur_strength=&#8221;0em&#8221; body_text_shadow_horizontal_length=&#8221;0em&#8221; body_text_shadow_vertical_length=&#8221;0em&#8221; body_text_shadow_blur_strength=&#8221;0em&#8221; link_option_url_new_window=&#8221;off&#8221; use_background_color_gradient=&#8221;off&#8221; background_color_gradient_start=&#8221;#2b87da&#8221; background_color_gradient_end=&#8221;#29c4a9&#8243; background_color_gradient_type=&#8221;linear&#8221; background_color_gradient_direction=&#8221;180deg&#8221; background_color_gradient_direction_radial=&#8221;center&#8221; background_color_gradient_start_position=&#8221;0%&#8221; background_color_gradient_end_position=&#8221;100%&#8221; background_color_gradient_overlays_image=&#8221;off&#8221; parallax=&#8221;off&#8221; parallax_method=&#8221;on&#8221; background_size=&#8221;cover&#8221; background_position=&#8221;center&#8221; background_repeat=&#8221;no-repeat&#8221; background_blend=&#8221;normal&#8221; allow_player_pause=&#8221;off&#8221; background_video_pause_outside_viewport=&#8221;on&#8221; text_shadow_style=&#8221;none&#8221; box_shadow_style=&#8221;none&#8221; hover_transition_duration=&#8221;300ms&#8221; hover_transition_delay=&#8221;0ms&#8221; hover_transition_speed_curve=&#8221;ease&#8221;]<\/p>\n<p><img decoding=\"async\" loading=\"lazy\" class=\"alignnone size-full wp-image-1714\" src=\"https:\/\/dinaland.rs\/cms\/wp-content\/uploads\/2019\/04\/4.png\" alt=\"\" width=\"1000\" height=\"600\" srcset=\"https:\/\/dinaland.rs\/cms\/wp-content\/uploads\/2019\/04\/4.png 1000w, https:\/\/dinaland.rs\/cms\/wp-content\/uploads\/2019\/04\/4-300x180.png 300w, https:\/\/dinaland.rs\/cms\/wp-content\/uploads\/2019\/04\/4-768x461.png 768w\" sizes=\"(max-width: 1000px) 100vw, 1000px\" \/><\/p>\n<p>[\/et_pb_accordion_item][\/et_pb_accordion][\/et_pb_column][\/et_pb_row][\/et_pb_section][et_pb_section bb_built=&#8221;1&#8243; prev_background_color=&#8221;#ffffff&#8221; _builder_version=&#8221;3.19.17&#8243; background_image=&#8221;https:\/\/dinaland.rs\/cms\/wp-content\/uploads\/2019\/02\/podloga2.jpg&#8221; parallax=&#8221;on&#8221;][et_pb_row make_fullwidth=&#8221;on&#8221; _builder_version=&#8221;3.19.17&#8243;][et_pb_column type=&#8221;4_4&#8243;][et_pb_cta button_url=&#8221;https:\/\/dinaland.rs\/cms\/kontakt\/&#8221; button_text=&#8221;Kontaktirajte nas&#8221; _builder_version=&#8221;3.19.5&#8243; body_text_color=&#8221;#4c95c4&#8243; body_font_size=&#8221;16&#8243; use_background_color=&#8221;off&#8221; background_layout=&#8221;light&#8221;]<\/p>\n<div class=\"page\" title=\"Page 2\">\n<div class=\"section\">\n<div class=\"layoutArea\">\n<div class=\"column\">\n<p>O\u010dekujemo Va\u0161e zahteve kojima sigurno mo\u017eemo u kvalitetu i vremenu odgovoriti.<\/p>\n<\/div>\n<\/div>\n<\/div>\n<\/div>\n<p>[\/et_pb_cta][\/et_pb_column][\/et_pb_row][\/et_pb_section]<\/p>\n","protected":false},"excerpt":{"rendered":"<p>[et_pb_section bb_built=&#8221;1&#8243; fullwidth=&#8221;on&#8221; next_background_color=&#8221;#000000&#8243; _builder_version=&#8221;3.19.5&#8243;][et_pb_fullwidth_header title=&#8221;Industrijski reduktori&#8221; _builder_version=&#8221;3.19.17&#8243; background_color_gradient_direction=&#8221;334deg&#8221; background_image=&#8221;https:\/\/dinaland.rs\/cms\/wp-content\/uploads\/2019\/02\/podloga2.jpg&#8221; parallax=&#8221;on&#8221; parallax_method=&#8221;on&#8221; background_layout=&#8221;light&#8221;] Proizvodnja industrijskih reduktora i rezervnih delova [\/et_pb_fullwidth_header][\/et_pb_section][et_pb_section bb_built=&#8221;1&#8243; prev_background_color=&#8221;#000000&#8243; next_background_color=&#8221;#000000&#8243; _builder_version=&#8221;3.19.17&#8243; custom_padding=&#8221;0px|0px|0px|0px&#8221;][et_pb_row make_fullwidth=&#8221;on&#8221; use_custom_gutter=&#8221;on&#8221; gutter_width=&#8221;1&#8243; custom_padding=&#8221;0px|0px|0px|0px&#8221; bg_img_1=&#8221;https:\/\/dinaland.rs\/cms\/wp-content\/uploads\/2019\/01\/CAN_5279.jpg&#8221; bg_img_2=&#8221;https:\/\/dinaland.rs\/cms\/wp-content\/uploads\/2019\/01\/CAN_5409.jpg&#8221; bg_img_3=&#8221;https:\/\/dinaland.rs\/cms\/wp-content\/uploads\/2019\/01\/CAN_5316.jpg&#8221; _builder_version=&#8221;3.19.17&#8243;][et_pb_column type=&#8221;1_3&#8243;][et_pb_divider show_divider=&#8221;off&#8221; height=&#8221;200px&#8221; _builder_version=&#8221;3.19.17&#8243;] [\/et_pb_divider][\/et_pb_column][et_pb_column type=&#8221;1_3&#8243;][et_pb_divider show_divider=&#8221;off&#8221; height=&#8221;200px&#8221; _builder_version=&#8221;3.19.17&#8243;] [\/et_pb_divider][\/et_pb_column][et_pb_column type=&#8221;1_3&#8243;][et_pb_divider show_divider=&#8221;off&#8221; height=&#8221;200px&#8221; _builder_version=&#8221;3.19.17&#8243;] [\/et_pb_divider][\/et_pb_column][\/et_pb_row][\/et_pb_section][et_pb_section bb_built=&#8221;1&#8243; prev_background_color=&#8221;#000000&#8243; next_background_color=&#8221;#000000&#8243; _builder_version=&#8221;3.0.47&#8243; custom_padding=&#8221;30px|0px|54px|0px|false|false&#8221;][et_pb_row _builder_version=&#8221;3.0.48&#8243; background_size=&#8221;initial&#8221; [&hellip;]<\/p>\n","protected":false},"author":1,"featured_media":0,"parent":0,"menu_order":0,"comment_status":"closed","ping_status":"closed","template":"","meta":{"_et_pb_use_builder":"on","_et_pb_old_content":"<p>Projektovanje, konstruisanje reduktora obavlja se najsavremenijim kompijuterskim programima,proizvodnja je bazirana na najnovijim saznanjima iz oblasti i tehnologije izrade zup\u010danika i penosnika snage.<\/p><p>Izrada cilindri\u010dnih ozubljenja vr\u0161i se od visokolegiranih materijala za cementaciju,a bokovi zuba su kaljeni i bru\u0161eni,konusna ozubljenja izradjuju se po sistemu Gleason sa odgovaraju\u0107om geometrijom,cementirana su,kaljena i zavr\u0161no obradjena.<br \/>Na bru\u0161enim rukavcima vratila ugradjuju se kotrljajni le\u017eajevi,vrsta ule\u017ei\u0161tenja vratila izabrana je tako da obezbedjuje ravnomernu raspodelu optere\u0107enja le\u017eaja \u0161to omogu\u0107uje izbor adekvatnih le\u017eajeva manjih mera,dug vek i pouzdanost le\u017eaja u radu.Ugradjuju se isklju\u010divo SKF le\u017eajevi.<\/p><p>Ku\u0107i\u0161te reduktora izradjuje se livenjem ili zavarivanjem od konstruktivnog \u010delika, termi\u010dki je tretirano, na spoljnjoj povr\u0161ini ku\u0107i\u0161ta izvr\u0161ena je priprema za povr\u0161insku za\u0161titu,antikorozivna za\u0161tita i zavr\u0161no farbanje. Unutra\u0161njost ku\u0107i\u0161ta reduktora je premazana antikorozivnom bojom otpornom na ulje,a ostali elementi uljem za konzerviranje.<br \/>Pre sklapanja reduktora svi elementi su pa\u017eljivo pregledani i kontrolisani i kao takvi ugradjeni u reduktor.Nakon sklapanja reduktor se pu\u0161ta u probni rad uz pra\u0107enje i dijagnostiku rada.<\/p><p>Na reduktorima su ugradjeni prate\u0107i elementi,uredjaj za ispust ulja,kontrolnik nivoa ulja,odu\u0161ni ventil.<\/p><p>Zbog pojave dinami\u010dkih preoptere\u0107enje u toku eksploatacije,koja mogu biti znatno ve\u0107a od nominalnih,projektna snaga reduktora je znatno ve\u0107a od nominalne snage \u010dime se obezbedjuje potrebna pouzdanost reduktora u radu.<\/p><p>Jednostepeni pu\u017eni reduktori<br \/>Jednostepeni cilindri\u010dni reduktori<\/p><p>Projektovanje,konstruisanje reduktora obavlja se najsavremenijim kompijuterskim programima SolidWords,zup\u010danici i vratila se izradjuju od visokolegianih kvalitetih \u010delika,termi\u010dki obadjenih sa zavr\u0161nom obradom bru\u0161enja.Ku\u0107i\u0161ta reduktora se izradjuju livenjem ili zavarena konstrukcija.<\/p><p>Takvim na\u010dinom proizvodnje obezbedjujemo visoki kvalitet na\u0161ih proizvoda.<\/p><p>Dvostepeni<\/p><p>Trostepeni<\/p><p>\u010cetvorostepeni<\/p>"},"_links":{"self":[{"href":"https:\/\/dinaland.rs\/cms\/wp-json\/wp\/v2\/pages\/73"}],"collection":[{"href":"https:\/\/dinaland.rs\/cms\/wp-json\/wp\/v2\/pages"}],"about":[{"href":"https:\/\/dinaland.rs\/cms\/wp-json\/wp\/v2\/types\/page"}],"author":[{"embeddable":true,"href":"https:\/\/dinaland.rs\/cms\/wp-json\/wp\/v2\/users\/1"}],"replies":[{"embeddable":true,"href":"https:\/\/dinaland.rs\/cms\/wp-json\/wp\/v2\/comments?post=73"}],"version-history":[{"count":1,"href":"https:\/\/dinaland.rs\/cms\/wp-json\/wp\/v2\/pages\/73\/revisions"}],"predecessor-version":[{"id":2201,"href":"https:\/\/dinaland.rs\/cms\/wp-json\/wp\/v2\/pages\/73\/revisions\/2201"}],"wp:attachment":[{"href":"https:\/\/dinaland.rs\/cms\/wp-json\/wp\/v2\/media?parent=73"}],"curies":[{"name":"wp","href":"https:\/\/api.w.org\/{rel}","templated":true}]}}