{"id":77,"date":"2019-01-15T13:52:37","date_gmt":"2019-01-15T12:52:37","guid":{"rendered":"http:\/\/studiomaximov.co.rs\/testpit\/dinaland\/?page_id=77"},"modified":"2019-04-16T10:59:46","modified_gmt":"2019-04-16T08:59:46","slug":"kardanska-vratila","status":"publish","type":"page","link":"https:\/\/dinaland.rs\/cms\/kardanska-vratila\/","title":{"rendered":"Kardanska vratila"},"content":{"rendered":"<p>[et_pb_section bb_built=&#8221;1&#8243; fullwidth=&#8221;on&#8221; next_background_color=&#8221;#000000&#8243; _builder_version=&#8221;3.0.47&#8243;][et_pb_fullwidth_header title=&#8221;Kardanska vratila i rezervni delovi&#8221; _builder_version=&#8221;3.19.17&#8243; background_image=&#8221;https:\/\/dinaland.rs\/cms\/wp-content\/uploads\/2019\/02\/podloga.jpg&#8221; parallax=&#8221;on&#8221; parallax_method=&#8221;on&#8221; background_layout=&#8221;light&#8221;]<\/p>\n<blockquote>\n<p>Proizvodnja i remont u saradnji sa UNI CARDAN GKN Austria GmbH<\/p>\n<\/blockquote>\n<p>[\/et_pb_fullwidth_header][\/et_pb_section][et_pb_section bb_built=&#8221;1&#8243; prev_background_color=&#8221;#000000&#8243; next_background_color=&#8221;#000000&#8243; _builder_version=&#8221;3.19.17&#8243; custom_padding=&#8221;53px|0px|54px|0px|false|false&#8221;][et_pb_row _builder_version=&#8221;3.0.48&#8243; background_size=&#8221;initial&#8221; background_position=&#8221;top_left&#8221; background_repeat=&#8221;repeat&#8221; custom_padding=&#8221;0|0px|27px|0px|false|false&#8221;][et_pb_column type=&#8221;4_4&#8243;][et_pb_text _builder_version=&#8221;3.19.5&#8243;]<\/p>\n<p>Kardansko vratilo je sistem od dva ili vi\u0161e vratila povezanih kardanovom spojnicom. To je &#8220;izlomljeno&#8221; vratilo, tj.\u00a0sistem koji omogu\u0107ava naginjanje, pa i translaciju ose vratila kojim se prenosi snaga, \u0161to ga \u010dini veoma pogodnim za prenos snage sa nestacionarnih motora, pre svega kod motornih vozila.<\/p>\n<p>Kradanska vratila se koriste na transportnim ma\u0161inama, automobilima, lokomotivama, industriji, radioelektronskim ure\u0111ajima, ma\u0161inama alatkama, bu\u0161ilicama i pumpama naftne industrije, a tako\u0111e im je \u0161iroka primena u upravlja\u010dkim mehanizmima aviona i helikoptera.<\/p>\n<p>Glavna osobina ovog vratila je, da su kod kardanovog vratila sa dve spojnice, kod koga su ose ulaznog i izlaznog vratila paralelne, ugaone brzine ulaznog i izlaznog vratila uvek jednake, a ugaona ubrzanja nastaju samo na centralnom vratilu, te su sopstvene inercijalne sile prihvatljive. Kod Kardanovog vratila sa dve spojnice, sredi\u0161nje vratilo obi\u010dno ima klizni mehanizmam (promenljive je du\u017eine), \u0161to omogu\u0107ava podizanje i spu\u0161tanje jedne kardanove spojnice u odnosu na drugu, a po vertikali.<\/p>\n<p>Na motornim vozilima kod kojih je motor napred a pogon pozadi, kardanovo vratilo se koristi kao deo sistema za prenos snage. Njime se prenosi obrtni moment iz menja\u010da brzina na glavni prenosnik i konusno-tanjirasti par. To zna\u010di da se kardanovo vratilo u ovoj funciji koristi kod svih kamiona, autobusa i nekih putni\u010dkih vozila. Obi\u010dno se koristi ono sa jednom ili dve kardanove spojnice.\u00a0Fleksibilno je i mo\u017ee se pomerati do ugla od 30\u00b0 \u0161to je veoma zna\u010dajno, s obzirom da se pogonski to\u010dkovi vozila kre\u0107u kontinuirano gore-dole kako bi ubla\u017eili prenos udarnh sila sa puta na karoseriju, pa je potrebna veza za prenos snage od motora do pogonskih to\u010dkova koja nije kruta. Ta \u201eelasti\u010dna&#8221; veza je upravo kardansko vratilo. U tom smislu, nekad se manja kardanova vratila koriste i za prenos snage od diferencijala do to\u010dkova.<\/p>\n<p>[\/et_pb_text][\/et_pb_column][\/et_pb_row][et_pb_row][et_pb_column type=&#8221;4_4&#8243;][et_pb_gallery _builder_version=&#8221;3.19.17&#8243; gallery_ids=&#8221;120,2167,2162,2161,2164,2163,2168,2166,2165,2169,112,2170&#8243; show_title_and_caption=&#8221;off&#8221; show_pagination=&#8221;off&#8221; hover_overlay_color=&#8221;rgba(76,149,196,0.67)&#8221; posts_number=&#8221;12&#8243; hover_icon=&#8221;%%51%%&#8221; zoom_icon_color=&#8221;#ffffff&#8221; \/][\/et_pb_column][\/et_pb_row][\/et_pb_section][et_pb_section bb_built=&#8221;1&#8243; prev_background_color=&#8221;#ffffff&#8221; _builder_version=&#8221;3.19.17&#8243; background_image=&#8221;https:\/\/dinaland.rs\/cms\/wp-content\/uploads\/2019\/02\/podloga2.jpg&#8221; parallax=&#8221;on&#8221;][et_pb_row make_fullwidth=&#8221;on&#8221; _builder_version=&#8221;3.19.17&#8243;][et_pb_column type=&#8221;4_4&#8243;][et_pb_cta button_url=&#8221;https:\/\/dinaland.rs\/cms\/kontakt\/&#8221; button_text=&#8221;Kontaktirajte nas&#8221; _builder_version=&#8221;3.19.5&#8243; body_text_color=&#8221;#4c95c4&#8243; body_font_size=&#8221;16&#8243; use_background_color=&#8221;off&#8221; background_layout=&#8221;light&#8221;]<\/p>\n<div class=\"page\" title=\"Page 2\">\n<div class=\"section\">\n<div class=\"layoutArea\">\n<div class=\"column\">\n<p>O\u010dekujemo Va\u0161e zahteve kojima sigurno mo\u017eemo u kvalitetu i vremenu odgovoriti.<\/p>\n<\/div>\n<\/div>\n<\/div>\n<\/div>\n<p>[\/et_pb_cta][\/et_pb_column][\/et_pb_row][\/et_pb_section]<\/p>\n","protected":false},"excerpt":{"rendered":"<p>[et_pb_section bb_built=&#8221;1&#8243; fullwidth=&#8221;on&#8221; next_background_color=&#8221;#000000&#8243; _builder_version=&#8221;3.0.47&#8243;][et_pb_fullwidth_header title=&#8221;Kardanska vratila i rezervni delovi&#8221; _builder_version=&#8221;3.19.17&#8243; background_image=&#8221;https:\/\/dinaland.rs\/cms\/wp-content\/uploads\/2019\/02\/podloga.jpg&#8221; parallax=&#8221;on&#8221; parallax_method=&#8221;on&#8221; background_layout=&#8221;light&#8221;] Proizvodnja i remont u saradnji sa UNI CARDAN GKN Austria GmbH [\/et_pb_fullwidth_header][\/et_pb_section][et_pb_section bb_built=&#8221;1&#8243; prev_background_color=&#8221;#000000&#8243; next_background_color=&#8221;#000000&#8243; _builder_version=&#8221;3.19.17&#8243; custom_padding=&#8221;53px|0px|54px|0px|false|false&#8221;][et_pb_row _builder_version=&#8221;3.0.48&#8243; background_size=&#8221;initial&#8221; background_position=&#8221;top_left&#8221; background_repeat=&#8221;repeat&#8221; custom_padding=&#8221;0|0px|27px|0px|false|false&#8221;][et_pb_column type=&#8221;4_4&#8243;][et_pb_text _builder_version=&#8221;3.19.5&#8243;] Kardansko vratilo je sistem od dva ili vi\u0161e vratila povezanih kardanovom spojnicom. To je &#8220;izlomljeno&#8221; vratilo, [&hellip;]<\/p>\n","protected":false},"author":1,"featured_media":0,"parent":0,"menu_order":0,"comment_status":"closed","ping_status":"closed","template":"","meta":{"_et_pb_use_builder":"on","_et_pb_old_content":"<p>KARDANSKA VRATILA I REZERVNI DELOVI u saradnji sa UNI CARDAN GKN Austria GmBh<\/p><p>Kardansko vratilo je sistem od dva ili vi\u0161e vratila povezanih kardanovom spojnicom. To je \"izlomljeno\" vratilo, tj. sistem koji omogu\u0107ava naginjanje, pa i translaciju ose vratila kojim se prenosi snaga, \u0161to ga \u010dini veoma pogodnim za prenos snage sa nestacionarnih motora, pre svega kod motornih vozila.<\/p><p>Kradanska vratila se Koriste na transportnim ma\u0161inama, automobilima, lokomotivama,industriji, radioelektronskim ure\u0111ajima, ma\u0161inama alatkama, bu\u0161ilicama i pumpama naftne industrije, a tako\u0111e im je \u0161iroka primena u: upravlja\u010dkim mehanizmima aviona i helikoptera.<\/p><p>Glavna osobina ovog vratila je, da su kod kardanovog vratila sa dve spojnice, kod koga su ose ulaznog i izlaznog vratila paralelne , ugaone brzine ulaznog i izlaznog vratila uvek jednake, a ugaona ubrzanja nastaju samo na centralnom vratilu, te su sopstvene inercijalne sile prihvatljive. Kod Kardanovog vratila sa dve spojnice, sredi\u0161nje vratilo obi\u010dno ima klizni mehanizmam (promenljive je du\u017eine), \u0161to omogu\u0107ava podizanje i spu\u0161tanje jedne kardanove spojnice u odnosu na drugu, a po vertikali.<\/p><p>Na motornim vozilima kod kojih je motor napred a pogon pozadi, kardanovo vratilo se koristi kao deo sistema za prenos snage. Njime se prenosi obrtni moment iz menja\u010da brzina na glavni prenosnik i konusno-tanjirasti par. To zna\u010di da se kardanovo vratilo u ovoj funciji koristi kod svih kamiona, autobusa i nekih putni\u010dkih vozila. Obi\u010dno se koristi ono sa jednom ili dve kardanove spojnice. Fleksibilno je i mo\u017ee se pomerati do ugla od 30\u00b0 \u0161to je veoma zna\u010dajno, s obzirom da se pogonski to\u010dkovi vozila kre\u0107u kontinuirano gore-dole kako bi ubla\u017eili prenos udarnh sila sa puta na karoseriju, pa je potrebna veza za prenos snage od motora do pogonskih to\u010dkova koja nije kruta. Ta \u201eelasti\u010dna\" veza je upravo kardansko vratilo. U tom smislu, nekad se manja kardanova vratila koriste i za prenos snage od diferencijala do to\u010dkova.<\/p>"},"_links":{"self":[{"href":"https:\/\/dinaland.rs\/cms\/wp-json\/wp\/v2\/pages\/77"}],"collection":[{"href":"https:\/\/dinaland.rs\/cms\/wp-json\/wp\/v2\/pages"}],"about":[{"href":"https:\/\/dinaland.rs\/cms\/wp-json\/wp\/v2\/types\/page"}],"author":[{"embeddable":true,"href":"https:\/\/dinaland.rs\/cms\/wp-json\/wp\/v2\/users\/1"}],"replies":[{"embeddable":true,"href":"https:\/\/dinaland.rs\/cms\/wp-json\/wp\/v2\/comments?post=77"}],"version-history":[{"count":1,"href":"https:\/\/dinaland.rs\/cms\/wp-json\/wp\/v2\/pages\/77\/revisions"}],"predecessor-version":[{"id":2202,"href":"https:\/\/dinaland.rs\/cms\/wp-json\/wp\/v2\/pages\/77\/revisions\/2202"}],"wp:attachment":[{"href":"https:\/\/dinaland.rs\/cms\/wp-json\/wp\/v2\/media?parent=77"}],"curies":[{"name":"wp","href":"https:\/\/api.w.org\/{rel}","templated":true}]}}